{"id":106,"date":"2012-02-08T16:27:06","date_gmt":"2012-02-08T16:27:06","guid":{"rendered":"http:\/\/pension-niclas.de\/home\/?page_id=106"},"modified":"2019-12-30T12:34:29","modified_gmt":"2019-12-30T12:34:29","slug":"zimmer_buchen_sangerhausen","status":"publish","type":"page","link":"https:\/\/www.pension-niclas.de\/home\/zimmer_buchen_sangerhausen\/","title":{"rendered":"Reservierung"},"content":{"rendered":"<p><img loading=\"lazy\" class=\"alignnone wp-image-108 size-full\" title=\"anfrage\" src=\"https:\/\/www.pension-niclas.de\/home\/wp-content\/uploads\/2012\/02\/anfrage.gif\" alt=\"\" width=\"218\" height=\"37\" \/><\/p>\n<p style=\"text-align: left;\"><img loading=\"lazy\" class=\"alignleft wp-image-111 \" src=\"https:\/\/www.pension-niclas.de\/home\/wp-content\/uploads\/2012\/02\/06_aussen02-150x150.jpg\" alt=\"\" width=\"99\" height=\"99\" \/>Wir haben geschlossen!<\/p>\n<h1><\/h1>\n<h1 style=\"text-align: left;\"><strong>\u00a0<\/strong><\/h1>\n<p title=\"Kontaktformular\">\n","protected":false},"excerpt":{"rendered":"<p>Wir haben geschlossen! \u00a0<\/p>\n","protected":false},"author":1,"featured_media":0,"parent":0,"menu_order":20,"comment_status":"closed","ping_status":"open","template":"","meta":[],"yoast_head":"<!-- This site is optimized with the Yoast SEO plugin v18.2 - https:\/\/yoast.com\/wordpress\/plugins\/seo\/ -->\n<title>Reservierung - Pension Niclas<\/title>\n<meta name=\"description\" content=\"\u00dcbernachtung in der Pension-Niclas in Sangerhausen. Freie Zimmer, Ferienwohnung, Hotel, Unterkunft f\u00fcr Monteure mit Fr\u00fchs\u00fcck und Internet gratis\" \/>\n<meta name=\"robots\" content=\"index, follow, max-snippet:-1, max-image-preview:large, max-video-preview:-1\" \/>\n<link rel=\"canonical\" href=\"https:\/\/www.pension-niclas.de\/home\/zimmer_buchen_sangerhausen\/\" \/>\n<meta property=\"og:locale\" content=\"de_DE\" \/>\n<meta property=\"og:type\" content=\"article\" \/>\n<meta property=\"og:title\" content=\"Reservierung - Pension Niclas\" \/>\n<meta property=\"og:description\" content=\"\u00dcbernachtung in der Pension-Niclas in Sangerhausen. Freie Zimmer, Ferienwohnung, Hotel, Unterkunft f\u00fcr Monteure mit Fr\u00fchs\u00fcck und Internet gratis\" \/>\n<meta property=\"og:url\" content=\"https:\/\/www.pension-niclas.de\/home\/zimmer_buchen_sangerhausen\/\" \/>\n<meta property=\"og:site_name\" content=\"Pension Niclas\" \/>\n<meta property=\"article:publisher\" content=\"https:\/\/www.facebook.com\/PensionNiclas\/\" \/>\n<meta property=\"article:modified_time\" content=\"2019-12-30T12:34:29+00:00\" \/>\n<meta property=\"og:image\" content=\"https:\/\/www.pension-niclas.de\/home\/wp-content\/uploads\/2012\/02\/anfrage.gif\" \/>\n<script type=\"application\/ld+json\" class=\"yoast-schema-graph\">{\"@context\":\"https:\/\/schema.org\",\"@graph\":[{\"@type\":\"Organization\",\"@id\":\"https:\/\/www.pension-niclas.de\/home\/#organization\",\"name\":\"Pension Niclas Sangerhausen\",\"url\":\"https:\/\/www.pension-niclas.de\/home\/\",\"sameAs\":[\"https:\/\/www.facebook.com\/PensionNiclas\/\"],\"logo\":{\"@type\":\"ImageObject\",\"@id\":\"https:\/\/www.pension-niclas.de\/home\/#logo\",\"inLanguage\":\"de\",\"url\":\"https:\/\/www.pension-niclas.de\/home\/wp-content\/uploads\/2012\/02\/06_aussen02.jpg\",\"contentUrl\":\"https:\/\/www.pension-niclas.de\/home\/wp-content\/uploads\/2012\/02\/06_aussen02.jpg\",\"width\":\"250\",\"height\":\"243\",\"caption\":\"Pension Niclas Sangerhausen\"},\"image\":{\"@id\":\"https:\/\/www.pension-niclas.de\/home\/#logo\"}},{\"@type\":\"WebSite\",\"@id\":\"https:\/\/www.pension-niclas.de\/home\/#website\",\"url\":\"https:\/\/www.pension-niclas.de\/home\/\",\"name\":\"Pension Niclas - \u00dcbernachtung in Sangerhausen\",\"description\":\"Preiswerte \u00dcbernachtung in Sangerhausen\",\"publisher\":{\"@id\":\"https:\/\/www.pension-niclas.de\/home\/#organization\"},\"potentialAction\":[{\"@type\":\"SearchAction\",\"target\":{\"@type\":\"EntryPoint\",\"urlTemplate\":\"https:\/\/www.pension-niclas.de\/home\/?s={search_term_string}\"},\"query-input\":\"required name=search_term_string\"}],\"inLanguage\":\"de\"},{\"@type\":\"ImageObject\",\"@id\":\"https:\/\/www.pension-niclas.de\/home\/zimmer_buchen_sangerhausen\/#primaryimage\",\"inLanguage\":\"de\",\"url\":\"https:\/\/www.pension-niclas.de\/home\/wp-content\/uploads\/2012\/02\/anfrage.gif\",\"contentUrl\":\"https:\/\/www.pension-niclas.de\/home\/wp-content\/uploads\/2012\/02\/anfrage.gif\",\"width\":\"218\",\"height\":\"37\"},{\"@type\":\"WebPage\",\"@id\":\"https:\/\/www.pension-niclas.de\/home\/zimmer_buchen_sangerhausen\/#webpage\",\"url\":\"https:\/\/www.pension-niclas.de\/home\/zimmer_buchen_sangerhausen\/\",\"name\":\"Reservierung - Pension Niclas\",\"isPartOf\":{\"@id\":\"https:\/\/www.pension-niclas.de\/home\/#website\"},\"primaryImageOfPage\":{\"@id\":\"https:\/\/www.pension-niclas.de\/home\/zimmer_buchen_sangerhausen\/#primaryimage\"},\"datePublished\":\"2012-02-08T16:27:06+00:00\",\"dateModified\":\"2019-12-30T12:34:29+00:00\",\"description\":\"\u00dcbernachtung in der Pension-Niclas in Sangerhausen. Freie Zimmer, Ferienwohnung, Hotel, Unterkunft f\u00fcr Monteure mit Fr\u00fchs\u00fcck und Internet gratis\",\"breadcrumb\":{\"@id\":\"https:\/\/www.pension-niclas.de\/home\/zimmer_buchen_sangerhausen\/#breadcrumb\"},\"inLanguage\":\"de\",\"potentialAction\":[{\"@type\":\"ReadAction\",\"target\":[\"https:\/\/www.pension-niclas.de\/home\/zimmer_buchen_sangerhausen\/\"]}]},{\"@type\":\"BreadcrumbList\",\"@id\":\"https:\/\/www.pension-niclas.de\/home\/zimmer_buchen_sangerhausen\/#breadcrumb\",\"itemListElement\":[{\"@type\":\"ListItem\",\"position\":1,\"name\":\"Reservierung\"}]}]}<\/script>\n<!-- \/ Yoast SEO plugin. -->","yoast_head_json":{"title":"Reservierung - Pension Niclas","description":"\u00dcbernachtung in der Pension-Niclas in Sangerhausen. Freie Zimmer, Ferienwohnung, Hotel, Unterkunft f\u00fcr Monteure mit Fr\u00fchs\u00fcck und Internet gratis","robots":{"index":"index","follow":"follow","max-snippet":"max-snippet:-1","max-image-preview":"max-image-preview:large","max-video-preview":"max-video-preview:-1"},"canonical":"https:\/\/www.pension-niclas.de\/home\/zimmer_buchen_sangerhausen\/","og_locale":"de_DE","og_type":"article","og_title":"Reservierung - Pension Niclas","og_description":"\u00dcbernachtung in der Pension-Niclas in Sangerhausen. Freie Zimmer, Ferienwohnung, Hotel, Unterkunft f\u00fcr Monteure mit Fr\u00fchs\u00fcck und Internet gratis","og_url":"https:\/\/www.pension-niclas.de\/home\/zimmer_buchen_sangerhausen\/","og_site_name":"Pension Niclas","article_publisher":"https:\/\/www.facebook.com\/PensionNiclas\/","article_modified_time":"2019-12-30T12:34:29+00:00","og_image":[{"url":"https:\/\/www.pension-niclas.de\/home\/wp-content\/uploads\/2012\/02\/anfrage.gif"}],"schema":{"@context":"https:\/\/schema.org","@graph":[{"@type":"Organization","@id":"https:\/\/www.pension-niclas.de\/home\/#organization","name":"Pension Niclas Sangerhausen","url":"https:\/\/www.pension-niclas.de\/home\/","sameAs":["https:\/\/www.facebook.com\/PensionNiclas\/"],"logo":{"@type":"ImageObject","@id":"https:\/\/www.pension-niclas.de\/home\/#logo","inLanguage":"de","url":"https:\/\/www.pension-niclas.de\/home\/wp-content\/uploads\/2012\/02\/06_aussen02.jpg","contentUrl":"https:\/\/www.pension-niclas.de\/home\/wp-content\/uploads\/2012\/02\/06_aussen02.jpg","width":"250","height":"243","caption":"Pension Niclas Sangerhausen"},"image":{"@id":"https:\/\/www.pension-niclas.de\/home\/#logo"}},{"@type":"WebSite","@id":"https:\/\/www.pension-niclas.de\/home\/#website","url":"https:\/\/www.pension-niclas.de\/home\/","name":"Pension Niclas - \u00dcbernachtung in Sangerhausen","description":"Preiswerte \u00dcbernachtung in Sangerhausen","publisher":{"@id":"https:\/\/www.pension-niclas.de\/home\/#organization"},"potentialAction":[{"@type":"SearchAction","target":{"@type":"EntryPoint","urlTemplate":"https:\/\/www.pension-niclas.de\/home\/?s={search_term_string}"},"query-input":"required name=search_term_string"}],"inLanguage":"de"},{"@type":"ImageObject","@id":"https:\/\/www.pension-niclas.de\/home\/zimmer_buchen_sangerhausen\/#primaryimage","inLanguage":"de","url":"https:\/\/www.pension-niclas.de\/home\/wp-content\/uploads\/2012\/02\/anfrage.gif","contentUrl":"https:\/\/www.pension-niclas.de\/home\/wp-content\/uploads\/2012\/02\/anfrage.gif","width":"218","height":"37"},{"@type":"WebPage","@id":"https:\/\/www.pension-niclas.de\/home\/zimmer_buchen_sangerhausen\/#webpage","url":"https:\/\/www.pension-niclas.de\/home\/zimmer_buchen_sangerhausen\/","name":"Reservierung - Pension Niclas","isPartOf":{"@id":"https:\/\/www.pension-niclas.de\/home\/#website"},"primaryImageOfPage":{"@id":"https:\/\/www.pension-niclas.de\/home\/zimmer_buchen_sangerhausen\/#primaryimage"},"datePublished":"2012-02-08T16:27:06+00:00","dateModified":"2019-12-30T12:34:29+00:00","description":"\u00dcbernachtung in der Pension-Niclas in Sangerhausen. Freie Zimmer, Ferienwohnung, Hotel, Unterkunft f\u00fcr Monteure mit Fr\u00fchs\u00fcck und Internet gratis","breadcrumb":{"@id":"https:\/\/www.pension-niclas.de\/home\/zimmer_buchen_sangerhausen\/#breadcrumb"},"inLanguage":"de","potentialAction":[{"@type":"ReadAction","target":["https:\/\/www.pension-niclas.de\/home\/zimmer_buchen_sangerhausen\/"]}]},{"@type":"BreadcrumbList","@id":"https:\/\/www.pension-niclas.de\/home\/zimmer_buchen_sangerhausen\/#breadcrumb","itemListElement":[{"@type":"ListItem","position":1,"name":"Reservierung"}]}]}},"_links":{"self":[{"href":"https:\/\/www.pension-niclas.de\/home\/wp-json\/wp\/v2\/pages\/106"}],"collection":[{"href":"https:\/\/www.pension-niclas.de\/home\/wp-json\/wp\/v2\/pages"}],"about":[{"href":"https:\/\/www.pension-niclas.de\/home\/wp-json\/wp\/v2\/types\/page"}],"author":[{"embeddable":true,"href":"https:\/\/www.pension-niclas.de\/home\/wp-json\/wp\/v2\/users\/1"}],"replies":[{"embeddable":true,"href":"https:\/\/www.pension-niclas.de\/home\/wp-json\/wp\/v2\/comments?post=106"}],"version-history":[{"count":5,"href":"https:\/\/www.pension-niclas.de\/home\/wp-json\/wp\/v2\/pages\/106\/revisions"}],"predecessor-version":[{"id":987,"href":"https:\/\/www.pension-niclas.de\/home\/wp-json\/wp\/v2\/pages\/106\/revisions\/987"}],"wp:attachment":[{"href":"https:\/\/www.pension-niclas.de\/home\/wp-json\/wp\/v2\/media?parent=106"}],"curies":[{"name":"wp","href":"https:\/\/api.w.org\/{rel}","templated":true}]}}