{"id":35,"date":"2012-02-08T14:36:32","date_gmt":"2012-02-08T14:36:32","guid":{"rendered":"http:\/\/pension-niclas.de\/home\/?page_id=35"},"modified":"2019-03-03T22:33:44","modified_gmt":"2019-03-03T22:33:44","slug":"ausstattung","status":"publish","type":"page","link":"https:\/\/www.pension-niclas.de\/home\/ausstattung\/","title":{"rendered":"Ausstattung"},"content":{"rendered":"<p><img loading=\"lazy\" class=\"alignnone wp-image-46 size-full\" title=\"ausstattung\" src=\"https:\/\/www.pension-niclas.de\/home\/wp-content\/uploads\/2012\/02\/ausstattung.gif\" alt=\"\" width=\"388\" height=\"37\" srcset=\"https:\/\/www.pension-niclas.de\/home\/wp-content\/uploads\/2012\/02\/ausstattung.gif 388w, https:\/\/www.pension-niclas.de\/home\/wp-content\/uploads\/2012\/02\/ausstattung-300x28.gif 300w\" sizes=\"(max-width: 388px) 100vw, 388px\" \/><\/p>\n<table>\n<tbody>\n<tr>\n<td><a title=\"Die Zimmer\" href=\"https:\/\/pension-niclas.de\/home\/die-zimmer\/\">Ein Blick in die Zimmer<\/a><\/p>\n<p>Alle Zimmer sind ausgestattet mit 2 Betten, Schreibtisch, W\u00e4scheschrank, Telefon, SAT-TV, WLAN,&#8230;<\/td>\n<td><a href=\"https:\/\/www.pension-niclas.de\/home\/wp-content\/uploads\/2012\/02\/03-e1551651281443.jpg\"><img loading=\"lazy\" class=\"alignnone wp-image-40 size-thumbnail\" title=\"Zimmer\" src=\"https:\/\/www.pension-niclas.de\/home\/wp-content\/uploads\/2012\/02\/03-e1551651281443-150x150.jpg\" alt=\"\" width=\"150\" height=\"150\" \/><\/a><\/td>\n<\/tr>\n<tr>\n<td><a title=\"Einrichtung\" href=\"https:\/\/pension-niclas.de\/home\/einrichtung\/\">Einrichtung der Pension<\/a><\/p>\n<p>Sie k\u00f6nnen den Aufenthaltsraum und die moderne K\u00fcche zur Eigenversorgung nutzen.<\/td>\n<td><a href=\"https:\/\/www.pension-niclas.de\/home\/wp-content\/uploads\/2012\/02\/04.jpg\"><img loading=\"lazy\" class=\"wp-image-59 size-thumbnail alignnone\" title=\"Einrichtung\" src=\"https:\/\/www.pension-niclas.de\/home\/wp-content\/uploads\/2012\/02\/04-150x150.jpg\" alt=\"\" width=\"150\" height=\"150\" \/><\/a><\/td>\n<\/tr>\n<tr>\n<td><a title=\"Terasse\" href=\"https:\/\/pension-niclas.de\/home\/terasse\/\">Entspannen Sie auf unserer Terasse<\/a><\/p>\n<p>Chillen, grillen, feiern &#8211; auf unserer Terasse. Hier geht es auch zum Fahrrad-Stellplatz.<\/td>\n<td><a title=\"Terasse\" href=\"https:\/\/www.pension-niclas.de\/home\/wp-content\/uploads\/2012\/02\/12.jpg\"><img loading=\"lazy\" class=\"wp-image-67 size-thumbnail alignnone\" title=\"Terasse\" src=\"https:\/\/www.pension-niclas.de\/home\/wp-content\/uploads\/2012\/02\/12-150x150.jpg\" alt=\"\" width=\"150\" height=\"150\" \/><\/a><\/td>\n<\/tr>\n<\/tbody>\n<\/table>\n<h2 style=\"text-align: center;\"><span style=\"color: #993300;\">Schauen Sie sich auch unsere weiteren Galerien an.<\/span><\/h2>\n<h2 style=\"text-align: center;\"><span style=\"color: #993300;\">Bei Fragen stehen wir Ihnen gern per Mail oder Telefon zur Verf\u00fcgung.<\/span><\/h2>\n","protected":false},"excerpt":{"rendered":"<p>Ein Blick in die Zimmer Alle Zimmer sind ausgestattet mit 2 Betten, Schreibtisch, W\u00e4scheschrank, Telefon, SAT-TV, WLAN,&#8230; Einrichtung der Pension Sie k\u00f6nnen den Aufenthaltsraum und die moderne K\u00fcche zur Eigenversorgung nutzen. Entspannen Sie auf unserer Terasse Chillen, grillen, feiern &#8211; auf unserer Terasse. Hier geht es auch zum Fahrrad-Stellplatz. Schauen Sie sich auch unsere weiteren<br \/><a class=\"moretag\" href=\"https:\/\/www.pension-niclas.de\/home\/ausstattung\/\">+ Read More<\/a><\/p>\n","protected":false},"author":1,"featured_media":0,"parent":0,"menu_order":10,"comment_status":"open","ping_status":"open","template":"","meta":[],"yoast_head":"<!-- This site is optimized with the Yoast SEO plugin v18.2 - https:\/\/yoast.com\/wordpress\/plugins\/seo\/ -->\n<title>Ausstattung - Pension Niclas<\/title>\n<meta name=\"description\" content=\"\u00dcbernachtung in der Pension-Niclas in Sangerhausen. Freie Zimmer, Ferienwohnung, Hotel, Unterkunft f\u00fcr Monteure mit Fr\u00fchs\u00fcck und Internet gratis\" \/>\n<meta name=\"robots\" content=\"index, follow, max-snippet:-1, max-image-preview:large, max-video-preview:-1\" \/>\n<link rel=\"canonical\" href=\"https:\/\/www.pension-niclas.de\/home\/ausstattung\/\" \/>\n<meta property=\"og:locale\" content=\"de_DE\" \/>\n<meta property=\"og:type\" content=\"article\" \/>\n<meta property=\"og:title\" content=\"Ausstattung - Pension Niclas\" \/>\n<meta property=\"og:description\" content=\"\u00dcbernachtung in der Pension-Niclas in Sangerhausen. Freie Zimmer, Ferienwohnung, Hotel, Unterkunft f\u00fcr Monteure mit Fr\u00fchs\u00fcck und Internet gratis\" \/>\n<meta property=\"og:url\" content=\"https:\/\/www.pension-niclas.de\/home\/ausstattung\/\" \/>\n<meta property=\"og:site_name\" content=\"Pension Niclas\" \/>\n<meta property=\"article:publisher\" content=\"https:\/\/www.facebook.com\/PensionNiclas\/\" \/>\n<meta property=\"article:modified_time\" content=\"2019-03-03T22:33:44+00:00\" \/>\n<meta property=\"og:image\" content=\"https:\/\/www.pension-niclas.de\/home\/wp-content\/uploads\/2012\/02\/ausstattung.gif\" \/>\n<script type=\"application\/ld+json\" class=\"yoast-schema-graph\">{\"@context\":\"https:\/\/schema.org\",\"@graph\":[{\"@type\":\"Organization\",\"@id\":\"https:\/\/www.pension-niclas.de\/home\/#organization\",\"name\":\"Pension Niclas Sangerhausen\",\"url\":\"https:\/\/www.pension-niclas.de\/home\/\",\"sameAs\":[\"https:\/\/www.facebook.com\/PensionNiclas\/\"],\"logo\":{\"@type\":\"ImageObject\",\"@id\":\"https:\/\/www.pension-niclas.de\/home\/#logo\",\"inLanguage\":\"de\",\"url\":\"https:\/\/www.pension-niclas.de\/home\/wp-content\/uploads\/2012\/02\/06_aussen02.jpg\",\"contentUrl\":\"https:\/\/www.pension-niclas.de\/home\/wp-content\/uploads\/2012\/02\/06_aussen02.jpg\",\"width\":\"250\",\"height\":\"243\",\"caption\":\"Pension Niclas Sangerhausen\"},\"image\":{\"@id\":\"https:\/\/www.pension-niclas.de\/home\/#logo\"}},{\"@type\":\"WebSite\",\"@id\":\"https:\/\/www.pension-niclas.de\/home\/#website\",\"url\":\"https:\/\/www.pension-niclas.de\/home\/\",\"name\":\"Pension Niclas - \u00dcbernachtung in Sangerhausen\",\"description\":\"Preiswerte \u00dcbernachtung in Sangerhausen\",\"publisher\":{\"@id\":\"https:\/\/www.pension-niclas.de\/home\/#organization\"},\"potentialAction\":[{\"@type\":\"SearchAction\",\"target\":{\"@type\":\"EntryPoint\",\"urlTemplate\":\"https:\/\/www.pension-niclas.de\/home\/?s={search_term_string}\"},\"query-input\":\"required name=search_term_string\"}],\"inLanguage\":\"de\"},{\"@type\":\"ImageObject\",\"@id\":\"https:\/\/www.pension-niclas.de\/home\/ausstattung\/#primaryimage\",\"inLanguage\":\"de\",\"url\":\"https:\/\/www.pension-niclas.de\/home\/wp-content\/uploads\/2012\/02\/ausstattung.gif\",\"contentUrl\":\"https:\/\/www.pension-niclas.de\/home\/wp-content\/uploads\/2012\/02\/ausstattung.gif\",\"width\":\"388\",\"height\":\"37\"},{\"@type\":\"WebPage\",\"@id\":\"https:\/\/www.pension-niclas.de\/home\/ausstattung\/#webpage\",\"url\":\"https:\/\/www.pension-niclas.de\/home\/ausstattung\/\",\"name\":\"Ausstattung - Pension Niclas\",\"isPartOf\":{\"@id\":\"https:\/\/www.pension-niclas.de\/home\/#website\"},\"primaryImageOfPage\":{\"@id\":\"https:\/\/www.pension-niclas.de\/home\/ausstattung\/#primaryimage\"},\"datePublished\":\"2012-02-08T14:36:32+00:00\",\"dateModified\":\"2019-03-03T22:33:44+00:00\",\"description\":\"\u00dcbernachtung in der Pension-Niclas in Sangerhausen. Freie Zimmer, Ferienwohnung, Hotel, Unterkunft f\u00fcr Monteure mit Fr\u00fchs\u00fcck und Internet gratis\",\"breadcrumb\":{\"@id\":\"https:\/\/www.pension-niclas.de\/home\/ausstattung\/#breadcrumb\"},\"inLanguage\":\"de\",\"potentialAction\":[{\"@type\":\"ReadAction\",\"target\":[\"https:\/\/www.pension-niclas.de\/home\/ausstattung\/\"]}]},{\"@type\":\"BreadcrumbList\",\"@id\":\"https:\/\/www.pension-niclas.de\/home\/ausstattung\/#breadcrumb\",\"itemListElement\":[{\"@type\":\"ListItem\",\"position\":1,\"name\":\"Ausstattung\"}]}]}<\/script>\n<!-- \/ Yoast SEO plugin. -->","yoast_head_json":{"title":"Ausstattung - Pension Niclas","description":"\u00dcbernachtung in der Pension-Niclas in Sangerhausen. Freie Zimmer, Ferienwohnung, Hotel, Unterkunft f\u00fcr Monteure mit Fr\u00fchs\u00fcck und Internet gratis","robots":{"index":"index","follow":"follow","max-snippet":"max-snippet:-1","max-image-preview":"max-image-preview:large","max-video-preview":"max-video-preview:-1"},"canonical":"https:\/\/www.pension-niclas.de\/home\/ausstattung\/","og_locale":"de_DE","og_type":"article","og_title":"Ausstattung - Pension Niclas","og_description":"\u00dcbernachtung in der Pension-Niclas in Sangerhausen. Freie Zimmer, Ferienwohnung, Hotel, Unterkunft f\u00fcr Monteure mit Fr\u00fchs\u00fcck und Internet gratis","og_url":"https:\/\/www.pension-niclas.de\/home\/ausstattung\/","og_site_name":"Pension Niclas","article_publisher":"https:\/\/www.facebook.com\/PensionNiclas\/","article_modified_time":"2019-03-03T22:33:44+00:00","og_image":[{"url":"https:\/\/www.pension-niclas.de\/home\/wp-content\/uploads\/2012\/02\/ausstattung.gif"}],"schema":{"@context":"https:\/\/schema.org","@graph":[{"@type":"Organization","@id":"https:\/\/www.pension-niclas.de\/home\/#organization","name":"Pension Niclas Sangerhausen","url":"https:\/\/www.pension-niclas.de\/home\/","sameAs":["https:\/\/www.facebook.com\/PensionNiclas\/"],"logo":{"@type":"ImageObject","@id":"https:\/\/www.pension-niclas.de\/home\/#logo","inLanguage":"de","url":"https:\/\/www.pension-niclas.de\/home\/wp-content\/uploads\/2012\/02\/06_aussen02.jpg","contentUrl":"https:\/\/www.pension-niclas.de\/home\/wp-content\/uploads\/2012\/02\/06_aussen02.jpg","width":"250","height":"243","caption":"Pension Niclas Sangerhausen"},"image":{"@id":"https:\/\/www.pension-niclas.de\/home\/#logo"}},{"@type":"WebSite","@id":"https:\/\/www.pension-niclas.de\/home\/#website","url":"https:\/\/www.pension-niclas.de\/home\/","name":"Pension Niclas - \u00dcbernachtung in Sangerhausen","description":"Preiswerte \u00dcbernachtung in Sangerhausen","publisher":{"@id":"https:\/\/www.pension-niclas.de\/home\/#organization"},"potentialAction":[{"@type":"SearchAction","target":{"@type":"EntryPoint","urlTemplate":"https:\/\/www.pension-niclas.de\/home\/?s={search_term_string}"},"query-input":"required name=search_term_string"}],"inLanguage":"de"},{"@type":"ImageObject","@id":"https:\/\/www.pension-niclas.de\/home\/ausstattung\/#primaryimage","inLanguage":"de","url":"https:\/\/www.pension-niclas.de\/home\/wp-content\/uploads\/2012\/02\/ausstattung.gif","contentUrl":"https:\/\/www.pension-niclas.de\/home\/wp-content\/uploads\/2012\/02\/ausstattung.gif","width":"388","height":"37"},{"@type":"WebPage","@id":"https:\/\/www.pension-niclas.de\/home\/ausstattung\/#webpage","url":"https:\/\/www.pension-niclas.de\/home\/ausstattung\/","name":"Ausstattung - Pension Niclas","isPartOf":{"@id":"https:\/\/www.pension-niclas.de\/home\/#website"},"primaryImageOfPage":{"@id":"https:\/\/www.pension-niclas.de\/home\/ausstattung\/#primaryimage"},"datePublished":"2012-02-08T14:36:32+00:00","dateModified":"2019-03-03T22:33:44+00:00","description":"\u00dcbernachtung in der Pension-Niclas in Sangerhausen. Freie Zimmer, Ferienwohnung, Hotel, Unterkunft f\u00fcr Monteure mit Fr\u00fchs\u00fcck und Internet gratis","breadcrumb":{"@id":"https:\/\/www.pension-niclas.de\/home\/ausstattung\/#breadcrumb"},"inLanguage":"de","potentialAction":[{"@type":"ReadAction","target":["https:\/\/www.pension-niclas.de\/home\/ausstattung\/"]}]},{"@type":"BreadcrumbList","@id":"https:\/\/www.pension-niclas.de\/home\/ausstattung\/#breadcrumb","itemListElement":[{"@type":"ListItem","position":1,"name":"Ausstattung"}]}]}},"_links":{"self":[{"href":"https:\/\/www.pension-niclas.de\/home\/wp-json\/wp\/v2\/pages\/35"}],"collection":[{"href":"https:\/\/www.pension-niclas.de\/home\/wp-json\/wp\/v2\/pages"}],"about":[{"href":"https:\/\/www.pension-niclas.de\/home\/wp-json\/wp\/v2\/types\/page"}],"author":[{"embeddable":true,"href":"https:\/\/www.pension-niclas.de\/home\/wp-json\/wp\/v2\/users\/1"}],"replies":[{"embeddable":true,"href":"https:\/\/www.pension-niclas.de\/home\/wp-json\/wp\/v2\/comments?post=35"}],"version-history":[{"count":3,"href":"https:\/\/www.pension-niclas.de\/home\/wp-json\/wp\/v2\/pages\/35\/revisions"}],"predecessor-version":[{"id":940,"href":"https:\/\/www.pension-niclas.de\/home\/wp-json\/wp\/v2\/pages\/35\/revisions\/940"}],"wp:attachment":[{"href":"https:\/\/www.pension-niclas.de\/home\/wp-json\/wp\/v2\/media?parent=35"}],"curies":[{"name":"wp","href":"https:\/\/api.w.org\/{rel}","templated":true}]}}