{"id":8,"date":"2012-02-08T14:10:05","date_gmt":"2012-02-08T14:10:05","guid":{"rendered":"http:\/\/pension-niclas.de\/home\/?page_id=8"},"modified":"2019-12-30T12:33:32","modified_gmt":"2019-12-30T12:33:32","slug":"pension_sangerhausen","status":"publish","type":"page","link":"https:\/\/www.pension-niclas.de\/home\/","title":{"rendered":"Wir haben geschlossen!"},"content":{"rendered":"<p><img loading=\"lazy\" class=\"wp-image-7 size-full alignnone\" title=\"willkommen\" src=\"https:\/\/www.pension-niclas.de\/home\/wp-content\/uploads\/2012\/02\/willkommen.gif\" alt=\"\" width=\"424\" height=\"27\" srcset=\"https:\/\/www.pension-niclas.de\/home\/wp-content\/uploads\/2012\/02\/willkommen.gif 424w, https:\/\/www.pension-niclas.de\/home\/wp-content\/uploads\/2012\/02\/willkommen-300x19.gif 300w\" sizes=\"(max-width: 424px) 100vw, 424px\" \/><\/p>\n<p><strong>Nach \u00fcber 12 Jahren schlie\u00dfen wir unsere Pension Niclas zum 01. Januar 2020. <\/strong><br \/>\n<strong>Wir bedanken uns bei allen G\u00e4sten und w\u00fcnschen alles Gute.<\/strong><\/p>\n<p>Die Webseite bleibt zur Erinnerung weiterhin aktiv.<\/p>\n<hr \/>\n<p>Wir freuen uns \u00fcber Ihr Interesse an unserer Pension Niclas in Sangerhausen. Auf den folgenden Seiten wollen wir Ihnen einen Einblick in unsere Pension geben. Gern geben wir Ihnen weitere Informationen per Email oder Telefon.<\/p>\n<p><a href=\"https:\/\/www.pension-niclas.de\/home\/wp-content\/uploads\/2012\/02\/Pension-Niclas-Sangerhausen.jpg\" rel=\"lightbox\"><img loading=\"lazy\" class=\"alignleft wp-image-683 size-thumbnail\" title=\"06_aussen_01\" src=\"https:\/\/www.pension-niclas.de\/home\/wp-content\/uploads\/2012\/02\/Pension-Niclas-Sangerhausen-150x150.jpg\" alt=\"Pension-Niclas-Sangerhausen\" width=\"150\" height=\"150\" \/><\/a><\/p>\n<p><span style=\"color: #993300;\"><em>History:<\/em><\/span> Seit dem 16. Juni 2007 hat unsere Pension ihre Zimmer f\u00fcr Sie ge\u00f6ffnet. Das Geb\u00e4ude wurde 2006 im Stil eines Einfamilienhaus neu erbaut. Damit bietet es Ihnen das absolute Wohlf\u00fchlambiente. Moderne Einrichtung, Holzfenster,\u00a0 Heizungs- und Sanit\u00e4ranlagen geh\u00f6ren zu unserem Standard. Sehen Sie sich unsere Fotos an. Die direkte Innenstadtlage wird von den G\u00e4sten sehr geliebt. Egal, ob Sie zum Kurzbesuch oder f\u00fcr l\u00e4ngere Zeit in Sangerhausen verweilen wollen, wir freuen uns auf Ihren Besuch.<\/p>\n<p>&nbsp;<\/p>\n<p><a href=\"https:\/\/www.pension-niclas.de\/home\/wp-content\/uploads\/2012\/02\/L1000452.jpg\" rel=\"lightbox\"><img loading=\"lazy\" class=\"alignright wp-image-185 size-thumbnail\" title=\"L1000452\" src=\"https:\/\/www.pension-niclas.de\/home\/wp-content\/uploads\/2012\/02\/L1000452-150x150.jpg\" alt=\"L1000452\" width=\"150\" height=\"150\" \/><\/a><\/p>\n<p><span style=\"color: #993300;\"><em>\u00dcber die Region:<\/em><\/span> Sangerhausen liegt im sachsen-anhaltischen Landkreis Mansfeld-S\u00fcdharz, angrenzend zu Th\u00fcringen. Als Berg- und Rosenstadt bietet Sangerhausen Ihnen zahlreiche Sehensw\u00fcrdigkeiten. Unter anderem sei hier das Rosarium erw\u00e4hnt. Das Rosarium ist eine Rosenausstellung auf 12,5 Hektar Gel\u00e4nde, welche ab dem zweiten April-Wochenende bis 15.Oktober t\u00e4glich von 8-19Uhr ge\u00f6ffnet ist. 1993 erhielt das Rosarium den Titel &#8222;Europa-Rosarium&#8220; und Sangerhausen wurde offiziell als Rosenstadt ernannt. Die Sammlung mit mehr als 8300 Kulturformen und 500 Wildrosenarten ist im Guinnes-Buch der Rekorde eingetragen. Auch die Wildrosensammlung ist einmalig in der Welt. Etwa 300 verschiedene seltene Baum und Straucharten bilden die Kulisse f\u00fcr das einzigartige Bild- und Duftspiel.<\/p>\n<p><img loading=\"lazy\" class=\"wp-image-12 size-full alignnone\" title=\"ausflugsziele\" src=\"https:\/\/www.pension-niclas.de\/home\/wp-content\/uploads\/2012\/02\/ausflugsziele.gif\" alt=\"\" width=\"262\" height=\"37\" \/><\/p>\n<div id=\"attachment_686\" style=\"width: 160px\" class=\"wp-caption alignleft\"><a href=\"https:\/\/www.pension-niclas.de\/home\/wp-content\/uploads\/2012\/02\/schild-pension-niclas.jpg\" rel=\"lightbox\"><img aria-describedby=\"caption-attachment-686\" loading=\"lazy\" class=\"wp-image-686 size-thumbnail\" src=\"https:\/\/www.pension-niclas.de\/home\/wp-content\/uploads\/2012\/02\/schild-pension-niclas-150x150.jpg\" alt=\"schild-pension-niclas\" width=\"150\" height=\"150\" srcset=\"https:\/\/www.pension-niclas.de\/home\/wp-content\/uploads\/2012\/02\/schild-pension-niclas-150x150.jpg 150w, https:\/\/www.pension-niclas.de\/home\/wp-content\/uploads\/2012\/02\/schild-pension-niclas-300x300.jpg 300w, https:\/\/www.pension-niclas.de\/home\/wp-content\/uploads\/2012\/02\/schild-pension-niclas.jpg 490w\" sizes=\"(max-width: 150px) 100vw, 150px\" \/><\/a><p id=\"caption-attachment-686\" class=\"wp-caption-text\">Pension Niclas in Sangerhausen<\/p><\/div>\n<p><span style=\"color: #993300;\"><em>Historische Altst\u00e4dte:<\/em><\/span> Sangerhausen, Stolberg. Europa-Rosarium, Schwimmhalle und Freibad, sowie das Spengler Museum in Sangerhausen, Burg- und Schloss in Allstedt, Panorama Museum und Kur-Therme in Bad Frankenhausen, die Kaiserpfalz Tilleda, das Kyffh\u00e4user Denkmal. Der Kyffh\u00e4user ist ein Mittelgebirge s\u00fcd\u00f6stlich des Harzes im Th\u00fcringer Kyffh\u00e4userkreis sowie im sachsen-anhaltischen Landkreis Mansfeld-S\u00fcdharz. Als weitere Highlights: das Schaubergwerk &amp; Bergbaumuseum Wettelrode, die gr\u00f6\u00dfte Modellbahn der Welt in Wiehe, die Sommer- und Winterrodelbahn Wippra, die Karsth\u00f6hle Heimkehle in Uftrungen und die Barbarossa H\u00f6hle in Rottleben. Ein weiteres Ausflugsziel bietet der Stausee in Kelbra. Hier finden Sie Links zu Sehensw\u00fcrdigkeiten im Landkreis: <a href=\"http:\/\/pension-niclas.de\/home\/reiseziele_im_landkreis_mansfeld_suedharz\/\">Reisetipps<\/a><\/p>\n<h1 style=\"text-align: center;\"><span style=\"color: #993300;\">Wir freuen uns bei Ihrer n\u00e4chsten \u00dcbernachtung<\/span><br \/>\n<span style=\"color: #993300;\">in Sangerhausen auf Sie!<\/span><\/h1>\n<h1 style=\"text-align: center;\"><span style=\"color: #993300;\">\u00a0<\/span><\/h1>\n","protected":false},"excerpt":{"rendered":"<p>Nach \u00fcber 12 Jahren schlie\u00dfen wir unsere Pension Niclas zum 01. Januar 2020. Wir bedanken uns bei allen G\u00e4sten und w\u00fcnschen alles Gute. Die Webseite bleibt zur Erinnerung weiterhin aktiv. Wir freuen uns \u00fcber Ihr Interesse an unserer Pension Niclas in Sangerhausen. Auf den folgenden Seiten wollen wir Ihnen einen Einblick in unsere Pension geben.<br \/><a class=\"moretag\" href=\"https:\/\/www.pension-niclas.de\/home\/\">+ Read More<\/a><\/p>\n","protected":false},"author":1,"featured_media":0,"parent":0,"menu_order":0,"comment_status":"closed","ping_status":"open","template":"","meta":[],"yoast_head":"<!-- This site is optimized with the Yoast SEO plugin v18.2 - https:\/\/yoast.com\/wordpress\/plugins\/seo\/ -->\n<title>Pension Niclas \u00dcbernachtung in Sangerhausen und Umgebung<\/title>\n<meta name=\"description\" content=\"\u00dcbernachtung in Pension-Niclas Sangerhausen und Umgebung (Kyffh\u00e4user \/ Harz). Freie Zimmer, Ferienwohnung, Hotel, Unterkunft f\u00fcr Monteure, Fr\u00fchst\u00fcck, Internet gratis\" \/>\n<meta name=\"robots\" content=\"index, follow, max-snippet:-1, max-image-preview:large, max-video-preview:-1\" \/>\n<link rel=\"canonical\" href=\"https:\/\/www.pension-niclas.de\/home\/\" \/>\n<meta property=\"og:locale\" content=\"de_DE\" \/>\n<meta property=\"og:type\" content=\"article\" \/>\n<meta property=\"og:title\" content=\"Pension Niclas \u00dcbernachtung in Sangerhausen und Umgebung\" \/>\n<meta property=\"og:description\" content=\"\u00dcbernachtung in Pension-Niclas Sangerhausen und Umgebung (Kyffh\u00e4user \/ Harz). Freie Zimmer, Ferienwohnung, Hotel, Unterkunft f\u00fcr Monteure, Fr\u00fchst\u00fcck, Internet gratis\" \/>\n<meta property=\"og:url\" content=\"https:\/\/www.pension-niclas.de\/home\/\" \/>\n<meta property=\"og:site_name\" content=\"Pension Niclas\" \/>\n<meta property=\"article:publisher\" content=\"https:\/\/www.facebook.com\/PensionNiclas\/\" \/>\n<meta property=\"article:modified_time\" content=\"2019-12-30T12:33:32+00:00\" \/>\n<meta property=\"og:image\" content=\"https:\/\/www.pension-niclas.de\/home\/wp-content\/uploads\/2012\/02\/willkommen.gif\" \/>\n<meta name=\"twitter:label1\" content=\"Gesch\u00e4tzte Lesezeit\" \/>\n\t<meta name=\"twitter:data1\" content=\"2\u00a0Minuten\" \/>\n<script type=\"application\/ld+json\" class=\"yoast-schema-graph\">{\"@context\":\"https:\/\/schema.org\",\"@graph\":[{\"@type\":\"Organization\",\"@id\":\"https:\/\/www.pension-niclas.de\/home\/#organization\",\"name\":\"Pension Niclas Sangerhausen\",\"url\":\"https:\/\/www.pension-niclas.de\/home\/\",\"sameAs\":[\"https:\/\/www.facebook.com\/PensionNiclas\/\"],\"logo\":{\"@type\":\"ImageObject\",\"@id\":\"https:\/\/www.pension-niclas.de\/home\/#logo\",\"inLanguage\":\"de\",\"url\":\"https:\/\/www.pension-niclas.de\/home\/wp-content\/uploads\/2012\/02\/06_aussen02.jpg\",\"contentUrl\":\"https:\/\/www.pension-niclas.de\/home\/wp-content\/uploads\/2012\/02\/06_aussen02.jpg\",\"width\":\"250\",\"height\":\"243\",\"caption\":\"Pension Niclas Sangerhausen\"},\"image\":{\"@id\":\"https:\/\/www.pension-niclas.de\/home\/#logo\"}},{\"@type\":\"WebSite\",\"@id\":\"https:\/\/www.pension-niclas.de\/home\/#website\",\"url\":\"https:\/\/www.pension-niclas.de\/home\/\",\"name\":\"Pension Niclas - \u00dcbernachtung in Sangerhausen\",\"description\":\"Preiswerte \u00dcbernachtung in Sangerhausen\",\"publisher\":{\"@id\":\"https:\/\/www.pension-niclas.de\/home\/#organization\"},\"potentialAction\":[{\"@type\":\"SearchAction\",\"target\":{\"@type\":\"EntryPoint\",\"urlTemplate\":\"https:\/\/www.pension-niclas.de\/home\/?s={search_term_string}\"},\"query-input\":\"required name=search_term_string\"}],\"inLanguage\":\"de\"},{\"@type\":\"ImageObject\",\"@id\":\"https:\/\/www.pension-niclas.de\/home\/#primaryimage\",\"inLanguage\":\"de\",\"url\":\"https:\/\/www.pension-niclas.de\/home\/wp-content\/uploads\/2012\/02\/willkommen.gif\",\"contentUrl\":\"https:\/\/www.pension-niclas.de\/home\/wp-content\/uploads\/2012\/02\/willkommen.gif\",\"width\":\"424\",\"height\":\"27\"},{\"@type\":\"WebPage\",\"@id\":\"https:\/\/www.pension-niclas.de\/home\/#webpage\",\"url\":\"https:\/\/www.pension-niclas.de\/home\/\",\"name\":\"Pension Niclas \u00dcbernachtung in Sangerhausen und Umgebung\",\"isPartOf\":{\"@id\":\"https:\/\/www.pension-niclas.de\/home\/#website\"},\"primaryImageOfPage\":{\"@id\":\"https:\/\/www.pension-niclas.de\/home\/#primaryimage\"},\"datePublished\":\"2012-02-08T14:10:05+00:00\",\"dateModified\":\"2019-12-30T12:33:32+00:00\",\"description\":\"\u00dcbernachtung in Pension-Niclas Sangerhausen und Umgebung (Kyffh\u00e4user \/ Harz). Freie Zimmer, Ferienwohnung, Hotel, Unterkunft f\u00fcr Monteure, Fr\u00fchst\u00fcck, Internet gratis\",\"breadcrumb\":{\"@id\":\"https:\/\/www.pension-niclas.de\/home\/#breadcrumb\"},\"inLanguage\":\"de\",\"potentialAction\":[{\"@type\":\"ReadAction\",\"target\":[\"https:\/\/www.pension-niclas.de\/home\/\"]}]},{\"@type\":\"BreadcrumbList\",\"@id\":\"https:\/\/www.pension-niclas.de\/home\/#breadcrumb\",\"itemListElement\":[{\"@type\":\"ListItem\",\"position\":1,\"name\":\"Wir haben geschlossen!\"}]}]}<\/script>\n<!-- \/ Yoast SEO plugin. -->","yoast_head_json":{"title":"Pension Niclas \u00dcbernachtung in Sangerhausen und Umgebung","description":"\u00dcbernachtung in Pension-Niclas Sangerhausen und Umgebung (Kyffh\u00e4user \/ Harz). Freie Zimmer, Ferienwohnung, Hotel, Unterkunft f\u00fcr Monteure, Fr\u00fchst\u00fcck, Internet gratis","robots":{"index":"index","follow":"follow","max-snippet":"max-snippet:-1","max-image-preview":"max-image-preview:large","max-video-preview":"max-video-preview:-1"},"canonical":"https:\/\/www.pension-niclas.de\/home\/","og_locale":"de_DE","og_type":"article","og_title":"Pension Niclas \u00dcbernachtung in Sangerhausen und Umgebung","og_description":"\u00dcbernachtung in Pension-Niclas Sangerhausen und Umgebung (Kyffh\u00e4user \/ Harz). Freie Zimmer, Ferienwohnung, Hotel, Unterkunft f\u00fcr Monteure, Fr\u00fchst\u00fcck, Internet gratis","og_url":"https:\/\/www.pension-niclas.de\/home\/","og_site_name":"Pension Niclas","article_publisher":"https:\/\/www.facebook.com\/PensionNiclas\/","article_modified_time":"2019-12-30T12:33:32+00:00","og_image":[{"url":"https:\/\/www.pension-niclas.de\/home\/wp-content\/uploads\/2012\/02\/willkommen.gif"}],"twitter_misc":{"Gesch\u00e4tzte Lesezeit":"2\u00a0Minuten"},"schema":{"@context":"https:\/\/schema.org","@graph":[{"@type":"Organization","@id":"https:\/\/www.pension-niclas.de\/home\/#organization","name":"Pension Niclas Sangerhausen","url":"https:\/\/www.pension-niclas.de\/home\/","sameAs":["https:\/\/www.facebook.com\/PensionNiclas\/"],"logo":{"@type":"ImageObject","@id":"https:\/\/www.pension-niclas.de\/home\/#logo","inLanguage":"de","url":"https:\/\/www.pension-niclas.de\/home\/wp-content\/uploads\/2012\/02\/06_aussen02.jpg","contentUrl":"https:\/\/www.pension-niclas.de\/home\/wp-content\/uploads\/2012\/02\/06_aussen02.jpg","width":"250","height":"243","caption":"Pension Niclas Sangerhausen"},"image":{"@id":"https:\/\/www.pension-niclas.de\/home\/#logo"}},{"@type":"WebSite","@id":"https:\/\/www.pension-niclas.de\/home\/#website","url":"https:\/\/www.pension-niclas.de\/home\/","name":"Pension Niclas - \u00dcbernachtung in Sangerhausen","description":"Preiswerte \u00dcbernachtung in Sangerhausen","publisher":{"@id":"https:\/\/www.pension-niclas.de\/home\/#organization"},"potentialAction":[{"@type":"SearchAction","target":{"@type":"EntryPoint","urlTemplate":"https:\/\/www.pension-niclas.de\/home\/?s={search_term_string}"},"query-input":"required name=search_term_string"}],"inLanguage":"de"},{"@type":"ImageObject","@id":"https:\/\/www.pension-niclas.de\/home\/#primaryimage","inLanguage":"de","url":"https:\/\/www.pension-niclas.de\/home\/wp-content\/uploads\/2012\/02\/willkommen.gif","contentUrl":"https:\/\/www.pension-niclas.de\/home\/wp-content\/uploads\/2012\/02\/willkommen.gif","width":"424","height":"27"},{"@type":"WebPage","@id":"https:\/\/www.pension-niclas.de\/home\/#webpage","url":"https:\/\/www.pension-niclas.de\/home\/","name":"Pension Niclas \u00dcbernachtung in Sangerhausen und Umgebung","isPartOf":{"@id":"https:\/\/www.pension-niclas.de\/home\/#website"},"primaryImageOfPage":{"@id":"https:\/\/www.pension-niclas.de\/home\/#primaryimage"},"datePublished":"2012-02-08T14:10:05+00:00","dateModified":"2019-12-30T12:33:32+00:00","description":"\u00dcbernachtung in Pension-Niclas Sangerhausen und Umgebung (Kyffh\u00e4user \/ Harz). Freie Zimmer, Ferienwohnung, Hotel, Unterkunft f\u00fcr Monteure, Fr\u00fchst\u00fcck, Internet gratis","breadcrumb":{"@id":"https:\/\/www.pension-niclas.de\/home\/#breadcrumb"},"inLanguage":"de","potentialAction":[{"@type":"ReadAction","target":["https:\/\/www.pension-niclas.de\/home\/"]}]},{"@type":"BreadcrumbList","@id":"https:\/\/www.pension-niclas.de\/home\/#breadcrumb","itemListElement":[{"@type":"ListItem","position":1,"name":"Wir haben geschlossen!"}]}]}},"_links":{"self":[{"href":"https:\/\/www.pension-niclas.de\/home\/wp-json\/wp\/v2\/pages\/8"}],"collection":[{"href":"https:\/\/www.pension-niclas.de\/home\/wp-json\/wp\/v2\/pages"}],"about":[{"href":"https:\/\/www.pension-niclas.de\/home\/wp-json\/wp\/v2\/types\/page"}],"author":[{"embeddable":true,"href":"https:\/\/www.pension-niclas.de\/home\/wp-json\/wp\/v2\/users\/1"}],"replies":[{"embeddable":true,"href":"https:\/\/www.pension-niclas.de\/home\/wp-json\/wp\/v2\/comments?post=8"}],"version-history":[{"count":5,"href":"https:\/\/www.pension-niclas.de\/home\/wp-json\/wp\/v2\/pages\/8\/revisions"}],"predecessor-version":[{"id":986,"href":"https:\/\/www.pension-niclas.de\/home\/wp-json\/wp\/v2\/pages\/8\/revisions\/986"}],"wp:attachment":[{"href":"https:\/\/www.pension-niclas.de\/home\/wp-json\/wp\/v2\/media?parent=8"}],"curies":[{"name":"wp","href":"https:\/\/api.w.org\/{rel}","templated":true}]}}